{"id":83,"date":"2023-02-02T02:39:08","date_gmt":"2023-02-02T02:39:08","guid":{"rendered":"https:\/\/sentidosecoparque.com.ar\/web\/?page_id=83"},"modified":"2026-01-01T21:10:50","modified_gmt":"2026-01-01T21:10:50","slug":"mapa-del-parque","status":"publish","type":"page","link":"https:\/\/sentidosecoparque.com.ar\/web\/mapa-del-parque\/","title":{"rendered":"Mapa del parque"},"content":{"rendered":"\n<figure class=\"wp-block-image alignwide size-large\"><a href=\"https:\/\/sentidosecoparque.com.ar\/web\/wp-content\/uploads\/2026\/01\/Map_Sentidos_20250101-scaled.jpg\"><img fetchpriority=\"high\" decoding=\"async\" width=\"1024\" height=\"829\" src=\"https:\/\/sentidosecoparque.com.ar\/web\/wp-content\/uploads\/2026\/01\/Map_Sentidos_20250101-1024x829.jpg\" alt=\"\" class=\"wp-image-457\" srcset=\"https:\/\/sentidosecoparque.com.ar\/web\/wp-content\/uploads\/2026\/01\/Map_Sentidos_20250101-1024x829.jpg 1024w, https:\/\/sentidosecoparque.com.ar\/web\/wp-content\/uploads\/2026\/01\/Map_Sentidos_20250101-300x243.jpg 300w, https:\/\/sentidosecoparque.com.ar\/web\/wp-content\/uploads\/2026\/01\/Map_Sentidos_20250101-768x622.jpg 768w, https:\/\/sentidosecoparque.com.ar\/web\/wp-content\/uploads\/2026\/01\/Map_Sentidos_20250101-1536x1244.jpg 1536w, https:\/\/sentidosecoparque.com.ar\/web\/wp-content\/uploads\/2026\/01\/Map_Sentidos_20250101-2048x1659.jpg 2048w\" sizes=\"(max-width: 1024px) 100vw, 1024px\" \/><\/a><\/figure>\n\n\n\n<div class=\"wp-block-cover alignfull\"><img decoding=\"async\" width=\"1462\" height=\"2500\" class=\"wp-block-cover__image-background wp-image-89\" alt=\"\" src=\"https:\/\/sentidosecoparque.com.ar\/web\/wp-content\/uploads\/2023\/02\/Sentidos_bg_map_02.jpg\" data-object-fit=\"cover\" srcset=\"https:\/\/sentidosecoparque.com.ar\/web\/wp-content\/uploads\/2023\/02\/Sentidos_bg_map_02.jpg 1462w, https:\/\/sentidosecoparque.com.ar\/web\/wp-content\/uploads\/2023\/02\/Sentidos_bg_map_02-175x300.jpg 175w, https:\/\/sentidosecoparque.com.ar\/web\/wp-content\/uploads\/2023\/02\/Sentidos_bg_map_02-599x1024.jpg 599w, https:\/\/sentidosecoparque.com.ar\/web\/wp-content\/uploads\/2023\/02\/Sentidos_bg_map_02-768x1313.jpg 768w, https:\/\/sentidosecoparque.com.ar\/web\/wp-content\/uploads\/2023\/02\/Sentidos_bg_map_02-898x1536.jpg 898w, https:\/\/sentidosecoparque.com.ar\/web\/wp-content\/uploads\/2023\/02\/Sentidos_bg_map_02-1198x2048.jpg 1198w\" sizes=\"(max-width: 1462px) 100vw, 1462px\" \/><span aria-hidden=\"true\" class=\"wp-block-cover__background has-background-dim-10 has-background-dim\"><\/span><div class=\"wp-block-cover__inner-container is-layout-flow wp-block-cover-is-layout-flow\">\n<div style=\"height:70px\" aria-hidden=\"true\" class=\"wp-block-spacer\"><\/div>\n\n\n\n<h1 class=\"wp-block-heading\">Referencias del parque &#8211; Mapa<\/h1>\n\n\n\n<div class=\"wp-block-columns is-layout-flex wp-container-core-columns-is-layout-28f84493 wp-block-columns-is-layout-flex\">\n<div class=\"wp-block-column is-layout-flow wp-block-column-is-layout-flow\" style=\"flex-basis:100%\">\n<div class=\"wp-block-columns is-layout-flex wp-container-core-columns-is-layout-28f84493 wp-block-columns-is-layout-flex\">\n<div class=\"wp-block-column is-layout-flow wp-block-column-is-layout-flow\" style=\"flex-basis:100%\">\n<div class=\"wp-block-columns is-layout-flex wp-container-core-columns-is-layout-28f84493 wp-block-columns-is-layout-flex\">\n<div class=\"wp-block-column is-layout-flow wp-block-column-is-layout-flow\" style=\"flex-basis:100%\">\n<div class=\"wp-block-columns is-layout-flex wp-container-core-columns-is-layout-d7d455e7 wp-block-columns-is-layout-flex\" style=\"border-style:none;border-width:0px;padding-top:0;padding-right:0;padding-bottom:0;padding-left:0\">\n<div class=\"wp-block-column has-ast-global-color-4-color has-text-color has-link-color wp-elements-b8c53f582d175173b588a80a7943df1b is-layout-flow wp-block-column-is-layout-flow\">\n<p><\/p>\n\n\n\n<h5 class=\"wp-block-heading\">ACCESOS<\/h5>\n\n\n\n<p class=\"has-ast-global-color-5-color has-text-color has-link-color wp-elements-b34afad06b7b92ac21a04a80ef217222\">1. Puerta 1 calle Elipidio Gonz\u00e1lez &#8211; entradas 47<br>2. Puerta 2 calle Elpidio Gonz\u00e1lez &#8211; entrada peatonal<br>3. Puerta 3 calle Las Margaritas &#8211; servicio &#8211; salida de emergencia<br>4. Puerta 4 calle Las Margaritas &#8211; salida estacionamiento<br>5. Venta de entradas y proveedur\u00eda<\/p>\n\n\n\n<h5 class=\"wp-block-heading\">PILETAS<\/h5>\n\n\n\n<p class=\"has-ast-global-color-5-color has-text-color has-link-color wp-elements-ce0bf7e0e0cc945e39054966b1e2052b\">20. Pileta 1: + 21 adultos con Jacuzzi 1.75 m profundidad<br>21. Pileta 2: 1.5 m profundidad<br>22. Bar de bebidas en pileta<br>23. Pileta 3: 0.5 m profundidad<br>24. Pileta 4: Parque h\u00famedo infantil<br>25. Pileta 5: Toboganes<br>33. Pileta 6: Espuma<\/p>\n\n\n\n<hr class=\"wp-block-separator has-alpha-channel-opacity is-style-wide\"\/>\n<\/div>\n\n\n\n<div class=\"wp-block-column has-ast-global-color-4-color has-text-color has-link-color wp-elements-9156f745324a926c1db758847ad3d312 is-layout-flow wp-block-column-is-layout-flow\">\n<h5 class=\"wp-block-heading\">RECREACI\u00d3N<\/h5>\n\n\n\n<p class=\"has-ast-global-color-5-color has-text-color has-link-color wp-elements-34da4c899c2347ccdb9de92f31145617\">29. Cancha de voley<br>30. Espacio fit<br>32. Plaza de juegos infantil<br>35. Cancha de f\u00fatbol<br>38. Espacio natural &#8211; laguna<\/p>\n\n\n\n<h5 class=\"wp-block-heading\">SALONES<\/h5>\n\n\n\n<p class=\"has-ast-global-color-5-color has-text-color has-link-color wp-elements-b7605e10141c77a4f308a7da7903ae7f\">9. Galer\u00eda<br>10. Ba\u00f1os sal\u00f3n<br>12. Sal\u00f3n de piletas<br>14. Patio de comidas<br>13. Kiosco \/ Proveeduria<br>15. Consultorio<br>16. Sal\u00f3n Elementos<br>17. Terraza sal\u00f3n Elementos<\/p>\n\n\n\n<h5 class=\"wp-block-heading\"><br>ESTACIONAMIENTOS<br><\/h5>\n\n\n\n<p class=\"has-ast-global-color-5-color has-text-color has-link-color wp-elements-ebbe04934aed65b05f8591a5ed2226ee\">41. Estacionamiento &#8211; sujeto a disponibilidad<br><\/p>\n\n\n\n<hr class=\"wp-block-separator has-alpha-channel-opacity is-style-wide\"\/>\n<\/div>\n\n\n\n<div class=\"wp-block-column has-ast-global-color-4-color has-text-color has-link-color wp-elements-99c344d8a61e993725ff5eab7fb4351c is-layout-flow wp-block-column-is-layout-flow\">\n<h5 class=\"wp-block-heading\">QUINCHOS \/ ASADORES<\/h5>\n\n\n\n<p class=\"has-ast-global-color-5-color has-text-color has-link-color wp-elements-26347de153d7f3270b1780e6ee3a5052\">7. Fogonero<br>11. Quincho<br>39. Asadores<br>40. Quincho<\/p>\n\n\n\n<h5 class=\"wp-block-heading\">VESTUARIOS \/ BA\u00d1OS<br><\/h5>\n\n\n\n<p class=\"has-ast-global-color-5-color has-text-color has-link-color wp-elements-05846817f714b68af0d8e3b6fa8a3888\">6. Ba\u00f1os<br>10. Ba\u00f1os sal\u00f3n<br>18. Toallero<br>19. Ba\u00f1os con ducha<br>27. Ba\u00f1os<br>37. Ba\u00f1os<\/p>\n\n\n\n<h5 class=\"wp-block-heading\">SOLARIUM<\/h5>\n\n\n\n<p class=\"has-ast-global-color-5-color has-text-color has-link-color wp-elements-41e88e06f48ee1fb529809c63abaf4eb\">26. Solarium<br>28. Sombrillas<br>31. Sombrillas<\/p>\n\n\n\n<h5 class=\"wp-block-heading\">EXPERIENCIA SENTIDOS<\/h5>\n\n\n\n<p class=\"has-ast-global-color-5-color has-text-color has-link-color wp-elements-4a0cef5190be934587516539570e286b\">8. Fuente de deseos<br>36. Carpa VIP<br>34. \u00c1rbol de recuerdos<\/p>\n\n\n\n<hr class=\"wp-block-separator has-alpha-channel-opacity is-style-wide\"\/>\n<\/div>\n<\/div>\n<\/div>\n<\/div>\n<\/div>\n<\/div>\n<\/div>\n<\/div>\n<\/div><\/div>\n\n\n\n<p><\/p>\n","protected":false},"excerpt":{"rendered":"","protected":false},"author":2,"featured_media":0,"parent":0,"menu_order":0,"comment_status":"closed","ping_status":"closed","template":"elementor_header_footer","meta":{"site-sidebar-layout":"default","site-content-layout":"","ast-site-content-layout":"default","site-content-style":"default","site-sidebar-style":"default","ast-global-header-display":"","ast-banner-title-visibility":"","ast-main-header-display":"","ast-hfb-above-header-display":"","ast-hfb-below-header-display":"","ast-hfb-mobile-header-display":"","site-post-title":"","ast-breadcrumbs-content":"","ast-featured-img":"","footer-sml-layout":"","ast-disable-related-posts":"","theme-transparent-header-meta":"","adv-header-id-meta":"","stick-header-meta":"","header-above-stick-meta":"","header-main-stick-meta":"","header-below-stick-meta":"","astra-migrate-meta-layouts":"default","ast-page-background-enabled":"default","ast-page-background-meta":{"desktop":{"background-color":"var(--ast-global-color-4)","background-image":"","background-repeat":"repeat","background-position":"center center","background-size":"auto","background-attachment":"scroll","background-type":"","background-media":"","overlay-type":"","overlay-color":"","overlay-opacity":"","overlay-gradient":""},"tablet":{"background-color":"","background-image":"","background-repeat":"repeat","background-position":"center center","background-size":"auto","background-attachment":"scroll","background-type":"","background-media":"","overlay-type":"","overlay-color":"","overlay-opacity":"","overlay-gradient":""},"mobile":{"background-color":"","background-image":"","background-repeat":"repeat","background-position":"center center","background-size":"auto","background-attachment":"scroll","background-type":"","background-media":"","overlay-type":"","overlay-color":"","overlay-opacity":"","overlay-gradient":""}},"ast-content-background-meta":{"desktop":{"background-color":"var(--ast-global-color-5)","background-image":"","background-repeat":"repeat","background-position":"center center","background-size":"auto","background-attachment":"scroll","background-type":"","background-media":"","overlay-type":"","overlay-color":"","overlay-opacity":"","overlay-gradient":""},"tablet":{"background-color":"var(--ast-global-color-5)","background-image":"","background-repeat":"repeat","background-position":"center center","background-size":"auto","background-attachment":"scroll","background-type":"","background-media":"","overlay-type":"","overlay-color":"","overlay-opacity":"","overlay-gradient":""},"mobile":{"background-color":"var(--ast-global-color-5)","background-image":"","background-repeat":"repeat","background-position":"center center","background-size":"auto","background-attachment":"scroll","background-type":"","background-media":"","overlay-type":"","overlay-color":"","overlay-opacity":"","overlay-gradient":""}},"footnotes":""},"class_list":["post-83","page","type-page","status-publish","hentry"],"jetpack_sharing_enabled":true,"_links":{"self":[{"href":"https:\/\/sentidosecoparque.com.ar\/web\/wp-json\/wp\/v2\/pages\/83","targetHints":{"allow":["GET"]}}],"collection":[{"href":"https:\/\/sentidosecoparque.com.ar\/web\/wp-json\/wp\/v2\/pages"}],"about":[{"href":"https:\/\/sentidosecoparque.com.ar\/web\/wp-json\/wp\/v2\/types\/page"}],"author":[{"embeddable":true,"href":"https:\/\/sentidosecoparque.com.ar\/web\/wp-json\/wp\/v2\/users\/2"}],"replies":[{"embeddable":true,"href":"https:\/\/sentidosecoparque.com.ar\/web\/wp-json\/wp\/v2\/comments?post=83"}],"version-history":[{"count":29,"href":"https:\/\/sentidosecoparque.com.ar\/web\/wp-json\/wp\/v2\/pages\/83\/revisions"}],"predecessor-version":[{"id":481,"href":"https:\/\/sentidosecoparque.com.ar\/web\/wp-json\/wp\/v2\/pages\/83\/revisions\/481"}],"wp:attachment":[{"href":"https:\/\/sentidosecoparque.com.ar\/web\/wp-json\/wp\/v2\/media?parent=83"}],"curies":[{"name":"wp","href":"https:\/\/api.w.org\/{rel}","templated":true}]}}